{"id":423,"date":"2022-12-17T17:18:17","date_gmt":"2022-12-17T14:18:17","guid":{"rendered":"https:\/\/www.vgdesignart.com\/bahadirhukuk\/?page_id=423"},"modified":"2023-10-17T14:12:26","modified_gmt":"2023-10-17T11:12:26","slug":"hizmet-alanlarimiz","status":"publish","type":"page","link":"https:\/\/www.vgdesignart.com\/bahadirhukuk\/hizmet-alanlarimiz\/","title":{"rendered":"Hizmet Alanlar\u0131m\u0131z"},"content":{"rendered":"\t\t<div data-elementor-type=\"wp-page\" data-elementor-id=\"423\" class=\"elementor elementor-423\" data-elementor-post-type=\"page\">\n\t\t\t\t\t\t<section class=\"elementor-section elementor-top-section elementor-element elementor-element-2222f59 elementor-section-boxed elementor-section-height-default elementor-section-height-default\" data-id=\"2222f59\" data-element_type=\"section\" data-settings=\"{&quot;background_background&quot;:&quot;classic&quot;}\">\n\t\t\t\t\t\t<div class=\"elementor-container elementor-column-gap-default\">\n\t\t\t\t\t<div class=\"elementor-column elementor-col-25 elementor-top-column elementor-element elementor-element-2e5e51f\" data-id=\"2e5e51f\" data-element_type=\"column\">\n\t\t\t<div class=\"elementor-widget-wrap elementor-element-populated\">\n\t\t\t\t\t\t<div class=\"elementor-element elementor-element-0b861e4 elementor-widget elementor-widget-image\" data-id=\"0b861e4\" data-element_type=\"widget\" data-widget_type=\"image.default\">\n\t\t\t\t<div class=\"elementor-widget-container\">\n\t\t\t<style>\/*! elementor - v3.19.0 - 28-02-2024 *\/\n.elementor-widget-image{text-align:center}.elementor-widget-image a{display:inline-block}.elementor-widget-image a img[src$=\".svg\"]{width:48px}.elementor-widget-image img{vertical-align:middle;display:inline-block}<\/style>\t\t\t\t\t\t\t\t\t\t<img fetchpriority=\"high\" decoding=\"async\" width=\"1000\" height=\"563\" src=\"https:\/\/www.vgdesignart.com\/bahadirhukuk\/wp-content\/uploads\/2022\/12\/ceza-hukuku-hizmeti.webp\" class=\"attachment-full size-full wp-image-827\" alt=\"\" srcset=\"https:\/\/www.vgdesignart.com\/bahadirhukuk\/wp-content\/uploads\/2022\/12\/ceza-hukuku-hizmeti.webp 1000w, https:\/\/www.vgdesignart.com\/bahadirhukuk\/wp-content\/uploads\/2022\/12\/ceza-hukuku-hizmeti-300x169.webp 300w, https:\/\/www.vgdesignart.com\/bahadirhukuk\/wp-content\/uploads\/2022\/12\/ceza-hukuku-hizmeti-768x432.webp 768w\" sizes=\"(max-width: 1000px) 100vw, 1000px\" \/>\t\t\t\t\t\t\t\t\t\t\t\t\t<\/div>\n\t\t\t\t<\/div>\n\t\t\t\t<div class=\"elementor-element elementor-element-e89684c elementor-widget elementor-widget-heading\" data-id=\"e89684c\" data-element_type=\"widget\" data-widget_type=\"heading.default\">\n\t\t\t\t<div class=\"elementor-widget-container\">\n\t\t\t<style>\/*! elementor - v3.19.0 - 28-02-2024 *\/\n.elementor-heading-title{padding:0;margin:0;line-height:1}.elementor-widget-heading .elementor-heading-title[class*=elementor-size-]>a{color:inherit;font-size:inherit;line-height:inherit}.elementor-widget-heading .elementor-heading-title.elementor-size-small{font-size:15px}.elementor-widget-heading .elementor-heading-title.elementor-size-medium{font-size:19px}.elementor-widget-heading .elementor-heading-title.elementor-size-large{font-size:29px}.elementor-widget-heading .elementor-heading-title.elementor-size-xl{font-size:39px}.elementor-widget-heading .elementor-heading-title.elementor-size-xxl{font-size:59px}<\/style><h2 class=\"elementor-heading-title elementor-size-default\">Ceza Hukuku<\/h2>\t\t<\/div>\n\t\t\t\t<\/div>\n\t\t\t\t<div class=\"elementor-element elementor-element-3a83b2e elementor-align-left elementor-widget elementor-widget-button\" data-id=\"3a83b2e\" data-element_type=\"widget\" data-widget_type=\"button.default\">\n\t\t\t\t<div class=\"elementor-widget-container\">\n\t\t\t\t\t<div class=\"elementor-button-wrapper\">\n\t\t\t<a class=\"elementor-button elementor-button-link elementor-size-xs\" href=\"https:\/\/www.vgdesignart.com\/bahadirhukuk\/ceza-hukuku-nedir\/\">\n\t\t\t\t\t\t<span class=\"elementor-button-content-wrapper\">\n\t\t\t\t\t\t<span class=\"elementor-button-text\">Daha Fazlas\u0131<\/span>\n\t\t<\/span>\n\t\t\t\t\t<\/a>\n\t\t<\/div>\n\t\t\t\t<\/div>\n\t\t\t\t<\/div>\n\t\t\t\t\t<\/div>\n\t\t<\/div>\n\t\t\t\t<div class=\"elementor-column elementor-col-25 elementor-top-column elementor-element elementor-element-1b3a496\" data-id=\"1b3a496\" data-element_type=\"column\">\n\t\t\t<div class=\"elementor-widget-wrap elementor-element-populated\">\n\t\t\t\t\t\t<div class=\"elementor-element elementor-element-f5e048a elementor-widget elementor-widget-image\" data-id=\"f5e048a\" data-element_type=\"widget\" data-widget_type=\"image.default\">\n\t\t\t\t<div class=\"elementor-widget-container\">\n\t\t\t\t\t\t\t\t\t\t\t\t\t<img decoding=\"async\" src=\"https:\/\/www.vgdesignart.com\/bahadirhukuk\/wp-content\/uploads\/2022\/12\/miras-hukuku.webp\" title=\"miras hukuku\" alt=\"miras hukuku\" loading=\"lazy\" \/>\t\t\t\t\t\t\t\t\t\t\t\t\t<\/div>\n\t\t\t\t<\/div>\n\t\t\t\t<div class=\"elementor-element elementor-element-2a1b878 elementor-widget elementor-widget-heading\" data-id=\"2a1b878\" data-element_type=\"widget\" data-widget_type=\"heading.default\">\n\t\t\t\t<div class=\"elementor-widget-container\">\n\t\t\t<h2 class=\"elementor-heading-title elementor-size-default\">Miras Hukuku<\/h2>\t\t<\/div>\n\t\t\t\t<\/div>\n\t\t\t\t<div class=\"elementor-element elementor-element-b90a9a1 elementor-align-left elementor-widget elementor-widget-button\" data-id=\"b90a9a1\" data-element_type=\"widget\" data-widget_type=\"button.default\">\n\t\t\t\t<div class=\"elementor-widget-container\">\n\t\t\t\t\t<div class=\"elementor-button-wrapper\">\n\t\t\t<a class=\"elementor-button elementor-button-link elementor-size-xs\" href=\"#\">\n\t\t\t\t\t\t<span class=\"elementor-button-content-wrapper\">\n\t\t\t\t\t\t<span class=\"elementor-button-text\">Daha Fazlas\u0131<\/span>\n\t\t<\/span>\n\t\t\t\t\t<\/a>\n\t\t<\/div>\n\t\t\t\t<\/div>\n\t\t\t\t<\/div>\n\t\t\t\t\t<\/div>\n\t\t<\/div>\n\t\t\t\t<div class=\"elementor-column elementor-col-25 elementor-top-column elementor-element elementor-element-42ac931\" data-id=\"42ac931\" data-element_type=\"column\">\n\t\t\t<div class=\"elementor-widget-wrap elementor-element-populated\">\n\t\t\t\t\t\t<div class=\"elementor-element elementor-element-05a4666 elementor-widget elementor-widget-image\" data-id=\"05a4666\" data-element_type=\"widget\" data-widget_type=\"image.default\">\n\t\t\t\t<div class=\"elementor-widget-container\">\n\t\t\t\t\t\t\t\t\t\t\t\t\t<img decoding=\"async\" src=\"https:\/\/www.vgdesignart.com\/bahadirhukuk\/wp-content\/uploads\/2022\/12\/22ae721f78.jpeg\" title=\"22ae721f78\" alt=\"22ae721f78\" loading=\"lazy\" \/>\t\t\t\t\t\t\t\t\t\t\t\t\t<\/div>\n\t\t\t\t<\/div>\n\t\t\t\t<div class=\"elementor-element elementor-element-30142f4 elementor-widget elementor-widget-heading\" data-id=\"30142f4\" data-element_type=\"widget\" data-widget_type=\"heading.default\">\n\t\t\t\t<div class=\"elementor-widget-container\">\n\t\t\t<h2 class=\"elementor-heading-title elementor-size-default\">Ticaret Hukuku<\/h2>\t\t<\/div>\n\t\t\t\t<\/div>\n\t\t\t\t<div class=\"elementor-element elementor-element-4fdf1df elementor-align-left elementor-widget elementor-widget-button\" data-id=\"4fdf1df\" data-element_type=\"widget\" data-widget_type=\"button.default\">\n\t\t\t\t<div class=\"elementor-widget-container\">\n\t\t\t\t\t<div class=\"elementor-button-wrapper\">\n\t\t\t<a class=\"elementor-button elementor-button-link elementor-size-xs\" href=\"https:\/\/www.vgdesignart.com\/bahadirhukuk\/ticaret-hukuku-nedir\/\">\n\t\t\t\t\t\t<span class=\"elementor-button-content-wrapper\">\n\t\t\t\t\t\t<span class=\"elementor-button-text\">Daha Fazlas\u0131<\/span>\n\t\t<\/span>\n\t\t\t\t\t<\/a>\n\t\t<\/div>\n\t\t\t\t<\/div>\n\t\t\t\t<\/div>\n\t\t\t\t\t<\/div>\n\t\t<\/div>\n\t\t\t\t<div class=\"elementor-column elementor-col-25 elementor-top-column elementor-element elementor-element-2ba0886\" data-id=\"2ba0886\" data-element_type=\"column\">\n\t\t\t<div class=\"elementor-widget-wrap elementor-element-populated\">\n\t\t\t\t\t\t<div class=\"elementor-element elementor-element-c4c9a50 elementor-widget elementor-widget-image\" data-id=\"c4c9a50\" data-element_type=\"widget\" data-widget_type=\"image.default\">\n\t\t\t\t<div class=\"elementor-widget-container\">\n\t\t\t\t\t\t\t\t\t\t\t\t\t<img decoding=\"async\" src=\"https:\/\/www.vgdesignart.com\/bahadirhukuk\/wp-content\/uploads\/2022\/12\/icra-ve-iflas-hukuku.webp\" title=\"icra ve iflas hukuku\" alt=\"icra ve iflas hukuku\" loading=\"lazy\" \/>\t\t\t\t\t\t\t\t\t\t\t\t\t<\/div>\n\t\t\t\t<\/div>\n\t\t\t\t<div class=\"elementor-element elementor-element-49df4dd elementor-widget elementor-widget-heading\" data-id=\"49df4dd\" data-element_type=\"widget\" data-widget_type=\"heading.default\">\n\t\t\t\t<div class=\"elementor-widget-container\">\n\t\t\t<h2 class=\"elementor-heading-title elementor-size-default\">\u0130cra ve \u0130flas Hukuku<\/h2>\t\t<\/div>\n\t\t\t\t<\/div>\n\t\t\t\t<div class=\"elementor-element elementor-element-965547f elementor-align-left elementor-widget elementor-widget-button\" data-id=\"965547f\" data-element_type=\"widget\" data-widget_type=\"button.default\">\n\t\t\t\t<div class=\"elementor-widget-container\">\n\t\t\t\t\t<div class=\"elementor-button-wrapper\">\n\t\t\t<a class=\"elementor-button elementor-button-link elementor-size-xs\" href=\"https:\/\/www.vgdesignart.com\/bahadirhukuk\/icra-ve-iflas-hukuku-nedir\/\">\n\t\t\t\t\t\t<span class=\"elementor-button-content-wrapper\">\n\t\t\t\t\t\t<span class=\"elementor-button-text\">Daha Fazlas\u0131<\/span>\n\t\t<\/span>\n\t\t\t\t\t<\/a>\n\t\t<\/div>\n\t\t\t\t<\/div>\n\t\t\t\t<\/div>\n\t\t\t\t\t<\/div>\n\t\t<\/div>\n\t\t\t\t\t<\/div>\n\t\t<\/section>\n\t\t\t\t<section class=\"elementor-section elementor-top-section elementor-element elementor-element-cedd010 elementor-section-boxed elementor-section-height-default elementor-section-height-default\" data-id=\"cedd010\" data-element_type=\"section\" data-settings=\"{&quot;background_background&quot;:&quot;classic&quot;}\">\n\t\t\t\t\t\t<div class=\"elementor-container elementor-column-gap-default\">\n\t\t\t\t\t<div class=\"elementor-column elementor-col-25 elementor-top-column elementor-element elementor-element-850d3fd\" data-id=\"850d3fd\" data-element_type=\"column\">\n\t\t\t<div class=\"elementor-widget-wrap elementor-element-populated\">\n\t\t\t\t\t\t<div class=\"elementor-element elementor-element-efda834 elementor-widget elementor-widget-image\" data-id=\"efda834\" data-element_type=\"widget\" data-widget_type=\"image.default\">\n\t\t\t\t<div class=\"elementor-widget-container\">\n\t\t\t\t\t\t\t\t\t\t\t\t\t<img decoding=\"async\" src=\"https:\/\/www.vgdesignart.com\/bahadirhukuk\/wp-content\/uploads\/2022\/12\/icra-iflas-hukuku.jpeg\" title=\"icra iflas hukuku\" alt=\"icra iflas hukuku\" loading=\"lazy\" \/>\t\t\t\t\t\t\t\t\t\t\t\t\t<\/div>\n\t\t\t\t<\/div>\n\t\t\t\t<div class=\"elementor-element elementor-element-58fd166 elementor-widget elementor-widget-heading\" data-id=\"58fd166\" data-element_type=\"widget\" data-widget_type=\"heading.default\">\n\t\t\t\t<div class=\"elementor-widget-container\">\n\t\t\t<h2 class=\"elementor-heading-title elementor-size-default\">Ceza Hukuku<\/h2>\t\t<\/div>\n\t\t\t\t<\/div>\n\t\t\t\t<div class=\"elementor-element elementor-element-348bea4 elementor-align-left elementor-widget elementor-widget-button\" data-id=\"348bea4\" data-element_type=\"widget\" data-widget_type=\"button.default\">\n\t\t\t\t<div class=\"elementor-widget-container\">\n\t\t\t\t\t<div class=\"elementor-button-wrapper\">\n\t\t\t<a class=\"elementor-button elementor-button-link elementor-size-xs\" href=\"#\">\n\t\t\t\t\t\t<span class=\"elementor-button-content-wrapper\">\n\t\t\t\t\t\t<span class=\"elementor-button-text\">Daha Fazlas\u0131<\/span>\n\t\t<\/span>\n\t\t\t\t\t<\/a>\n\t\t<\/div>\n\t\t\t\t<\/div>\n\t\t\t\t<\/div>\n\t\t\t\t\t<\/div>\n\t\t<\/div>\n\t\t\t\t<div class=\"elementor-column elementor-col-25 elementor-top-column elementor-element elementor-element-d68b255\" data-id=\"d68b255\" data-element_type=\"column\">\n\t\t\t<div class=\"elementor-widget-wrap elementor-element-populated\">\n\t\t\t\t\t\t<div class=\"elementor-element elementor-element-0fbf95d elementor-widget elementor-widget-image\" data-id=\"0fbf95d\" data-element_type=\"widget\" data-widget_type=\"image.default\">\n\t\t\t\t<div class=\"elementor-widget-container\">\n\t\t\t\t\t\t\t\t\t\t\t\t\t<img decoding=\"async\" src=\"https:\/\/www.vgdesignart.com\/bahadirhukuk\/wp-content\/uploads\/2022\/12\/tazminat-hukuku-1.webp\" title=\"tazminat hukuku\" alt=\"tazminat hukuku\" loading=\"lazy\" \/>\t\t\t\t\t\t\t\t\t\t\t\t\t<\/div>\n\t\t\t\t<\/div>\n\t\t\t\t<div class=\"elementor-element elementor-element-fc35b04 elementor-widget elementor-widget-heading\" data-id=\"fc35b04\" data-element_type=\"widget\" data-widget_type=\"heading.default\">\n\t\t\t\t<div class=\"elementor-widget-container\">\n\t\t\t<h2 class=\"elementor-heading-title elementor-size-default\">Miras Hukuku<\/h2>\t\t<\/div>\n\t\t\t\t<\/div>\n\t\t\t\t<div class=\"elementor-element elementor-element-c6c7948 elementor-align-left elementor-widget elementor-widget-button\" data-id=\"c6c7948\" data-element_type=\"widget\" data-widget_type=\"button.default\">\n\t\t\t\t<div class=\"elementor-widget-container\">\n\t\t\t\t\t<div class=\"elementor-button-wrapper\">\n\t\t\t<a class=\"elementor-button elementor-button-link elementor-size-xs\" href=\"#\">\n\t\t\t\t\t\t<span class=\"elementor-button-content-wrapper\">\n\t\t\t\t\t\t<span class=\"elementor-button-text\">Daha Fazlas\u0131<\/span>\n\t\t<\/span>\n\t\t\t\t\t<\/a>\n\t\t<\/div>\n\t\t\t\t<\/div>\n\t\t\t\t<\/div>\n\t\t\t\t\t<\/div>\n\t\t<\/div>\n\t\t\t\t<div class=\"elementor-column elementor-col-25 elementor-top-column elementor-element elementor-element-f5060a9\" data-id=\"f5060a9\" data-element_type=\"column\">\n\t\t\t<div class=\"elementor-widget-wrap elementor-element-populated\">\n\t\t\t\t\t\t<div class=\"elementor-element elementor-element-460a12e elementor-widget elementor-widget-image\" data-id=\"460a12e\" data-element_type=\"widget\" data-widget_type=\"image.default\">\n\t\t\t\t<div class=\"elementor-widget-container\">\n\t\t\t\t\t\t\t\t\t\t\t\t\t<img decoding=\"async\" src=\"https:\/\/www.vgdesignart.com\/bahadirhukuk\/wp-content\/uploads\/2022\/12\/rekabet-hukuku.webp\" title=\"rekabet hukuku\" alt=\"rekabet hukuku\" loading=\"lazy\" \/>\t\t\t\t\t\t\t\t\t\t\t\t\t<\/div>\n\t\t\t\t<\/div>\n\t\t\t\t<div class=\"elementor-element elementor-element-a71fda2 elementor-widget elementor-widget-heading\" data-id=\"a71fda2\" data-element_type=\"widget\" data-widget_type=\"heading.default\">\n\t\t\t\t<div class=\"elementor-widget-container\">\n\t\t\t<h2 class=\"elementor-heading-title elementor-size-default\">Ticaret Hukuku<\/h2>\t\t<\/div>\n\t\t\t\t<\/div>\n\t\t\t\t<div class=\"elementor-element elementor-element-4138cfe elementor-align-left elementor-widget elementor-widget-button\" data-id=\"4138cfe\" data-element_type=\"widget\" data-widget_type=\"button.default\">\n\t\t\t\t<div class=\"elementor-widget-container\">\n\t\t\t\t\t<div class=\"elementor-button-wrapper\">\n\t\t\t<a class=\"elementor-button elementor-button-link elementor-size-xs\" href=\"#\">\n\t\t\t\t\t\t<span class=\"elementor-button-content-wrapper\">\n\t\t\t\t\t\t<span class=\"elementor-button-text\">Daha Fazlas\u0131<\/span>\n\t\t<\/span>\n\t\t\t\t\t<\/a>\n\t\t<\/div>\n\t\t\t\t<\/div>\n\t\t\t\t<\/div>\n\t\t\t\t\t<\/div>\n\t\t<\/div>\n\t\t\t\t<div class=\"elementor-column elementor-col-25 elementor-top-column elementor-element elementor-element-1f3b9a9\" data-id=\"1f3b9a9\" data-element_type=\"column\">\n\t\t\t<div class=\"elementor-widget-wrap elementor-element-populated\">\n\t\t\t\t\t\t<div class=\"elementor-element elementor-element-d57d271 elementor-widget elementor-widget-image\" data-id=\"d57d271\" data-element_type=\"widget\" data-widget_type=\"image.default\">\n\t\t\t\t<div class=\"elementor-widget-container\">\n\t\t\t\t\t\t\t\t\t\t\t\t\t<img decoding=\"async\" src=\"https:\/\/www.vgdesignart.com\/bahadirhukuk\/wp-content\/uploads\/2022\/12\/4732b71444.jpg\" title=\"ticarethukuku\" alt=\"ticaret hukuku\" loading=\"lazy\" \/>\t\t\t\t\t\t\t\t\t\t\t\t\t<\/div>\n\t\t\t\t<\/div>\n\t\t\t\t<div class=\"elementor-element elementor-element-d3296e3 elementor-widget elementor-widget-heading\" data-id=\"d3296e3\" data-element_type=\"widget\" data-widget_type=\"heading.default\">\n\t\t\t\t<div class=\"elementor-widget-container\">\n\t\t\t<h2 class=\"elementor-heading-title elementor-size-default\">\u0130cra ve \u0130flas Hukuku<\/h2>\t\t<\/div>\n\t\t\t\t<\/div>\n\t\t\t\t<div class=\"elementor-element elementor-element-86139e2 elementor-align-left elementor-widget elementor-widget-button\" data-id=\"86139e2\" data-element_type=\"widget\" data-widget_type=\"button.default\">\n\t\t\t\t<div class=\"elementor-widget-container\">\n\t\t\t\t\t<div class=\"elementor-button-wrapper\">\n\t\t\t<a class=\"elementor-button elementor-button-link elementor-size-xs\" href=\"#\">\n\t\t\t\t\t\t<span class=\"elementor-button-content-wrapper\">\n\t\t\t\t\t\t<span class=\"elementor-button-text\">Daha Fazlas\u0131<\/span>\n\t\t<\/span>\n\t\t\t\t\t<\/a>\n\t\t<\/div>\n\t\t\t\t<\/div>\n\t\t\t\t<\/div>\n\t\t\t\t\t<\/div>\n\t\t<\/div>\n\t\t\t\t\t<\/div>\n\t\t<\/section>\n\t\t\t\t<\/div>\n\t\t","protected":false},"excerpt":{"rendered":"<p>Ceza Hukuku Daha Fazlas\u0131 Miras Hukuku Daha Fazlas\u0131 Ticaret Hukuku Daha Fazlas\u0131 \u0130cra ve \u0130flas Hukuku Daha Fazlas\u0131 Ceza Hukuku Daha Fazlas\u0131 Miras Hukuku Daha Fazlas\u0131 Ticaret Hukuku Daha Fazlas\u0131 \u0130cra ve \u0130flas Hukuku Daha Fazlas\u0131<\/p>\n","protected":false},"author":1,"featured_media":0,"parent":0,"menu_order":0,"comment_status":"closed","ping_status":"closed","template":"","meta":{"_acf_changed":false,"footnotes":""},"class_list":["post-423","page","type-page","status-publish","hentry"],"acf":[],"yoast_head":"<!-- This site is optimized with the Yoast SEO plugin v22.1 - https:\/\/yoast.com\/wordpress\/plugins\/seo\/ -->\n<title>Hizmet Alanlar\u0131m\u0131z - BAHADIR HUKUK VE DANI\u015eMANLIK<\/title>\n<meta name=\"robots\" content=\"index, follow, max-snippet:-1, max-image-preview:large, max-video-preview:-1\" \/>\n<link rel=\"canonical\" href=\"http:\/\/www.vgdesignart.com\/bahadirhukuk\/hizmet-alanlarimiz\/\" \/>\n<meta property=\"og:locale\" content=\"tr_TR\" \/>\n<meta property=\"og:type\" content=\"article\" \/>\n<meta property=\"og:title\" content=\"Hizmet Alanlar\u0131m\u0131z - BAHADIR HUKUK VE DANI\u015eMANLIK\" \/>\n<meta property=\"og:description\" content=\"Ceza Hukuku Daha Fazlas\u0131 Miras Hukuku Daha Fazlas\u0131 Ticaret Hukuku Daha Fazlas\u0131 \u0130cra ve \u0130flas Hukuku Daha Fazlas\u0131 Ceza Hukuku Daha Fazlas\u0131 Miras Hukuku Daha Fazlas\u0131 Ticaret Hukuku Daha Fazlas\u0131 \u0130cra ve \u0130flas Hukuku Daha Fazlas\u0131\" \/>\n<meta property=\"og:url\" content=\"http:\/\/www.vgdesignart.com\/bahadirhukuk\/hizmet-alanlarimiz\/\" \/>\n<meta property=\"og:site_name\" content=\"BAHADIR HUKUK VE DANI\u015eMANLIK\" \/>\n<meta property=\"article:modified_time\" content=\"2023-10-17T11:12:26+00:00\" \/>\n<meta property=\"og:image\" content=\"http:\/\/www.vgdesignart.com\/bahadirhukuk\/wp-content\/uploads\/2022\/12\/ceza-hukuku-hizmeti.webp\" \/>\n<meta name=\"twitter:card\" content=\"summary_large_image\" \/>\n<meta name=\"twitter:label1\" content=\"Tahmini okuma s\u00fcresi\" \/>\n\t<meta name=\"twitter:data1\" content=\"2 dakika\" \/>\n<script type=\"application\/ld+json\" class=\"yoast-schema-graph\">{\"@context\":\"https:\/\/schema.org\",\"@graph\":[{\"@type\":\"WebPage\",\"@id\":\"http:\/\/www.vgdesignart.com\/bahadirhukuk\/hizmet-alanlarimiz\/\",\"url\":\"http:\/\/www.vgdesignart.com\/bahadirhukuk\/hizmet-alanlarimiz\/\",\"name\":\"Hizmet Alanlar\u0131m\u0131z - BAHADIR HUKUK VE DANI\u015eMANLIK\",\"isPartOf\":{\"@id\":\"https:\/\/www.vgdesignart.com\/bahadirhukuk\/#website\"},\"datePublished\":\"2022-12-17T14:18:17+00:00\",\"dateModified\":\"2023-10-17T11:12:26+00:00\",\"breadcrumb\":{\"@id\":\"http:\/\/www.vgdesignart.com\/bahadirhukuk\/hizmet-alanlarimiz\/#breadcrumb\"},\"inLanguage\":\"tr\",\"potentialAction\":[{\"@type\":\"ReadAction\",\"target\":[\"http:\/\/www.vgdesignart.com\/bahadirhukuk\/hizmet-alanlarimiz\/\"]}]},{\"@type\":\"BreadcrumbList\",\"@id\":\"http:\/\/www.vgdesignart.com\/bahadirhukuk\/hizmet-alanlarimiz\/#breadcrumb\",\"itemListElement\":[{\"@type\":\"ListItem\",\"position\":1,\"name\":\"Anasayfa\",\"item\":\"https:\/\/www.vgdesignart.com\/bahadirhukuk\/\"},{\"@type\":\"ListItem\",\"position\":2,\"name\":\"Hizmet Alanlar\u0131m\u0131z\"}]},{\"@type\":\"WebSite\",\"@id\":\"https:\/\/www.vgdesignart.com\/bahadirhukuk\/#website\",\"url\":\"https:\/\/www.vgdesignart.com\/bahadirhukuk\/\",\"name\":\"BAHADIR HUKUK VE DANI\u015eMANLIK\",\"description\":\"Hukuk iyi ve adil olan\u0131n sanat\u0131d\u0131r.\",\"publisher\":{\"@id\":\"https:\/\/www.vgdesignart.com\/bahadirhukuk\/#organization\"},\"potentialAction\":[{\"@type\":\"SearchAction\",\"target\":{\"@type\":\"EntryPoint\",\"urlTemplate\":\"https:\/\/www.vgdesignart.com\/bahadirhukuk\/?s={search_term_string}\"},\"query-input\":\"required name=search_term_string\"}],\"inLanguage\":\"tr\"},{\"@type\":\"Organization\",\"@id\":\"https:\/\/www.vgdesignart.com\/bahadirhukuk\/#organization\",\"name\":\"BAHADIR HUKUK VE DANI\u015eMANLIK\",\"url\":\"https:\/\/www.vgdesignart.com\/bahadirhukuk\/\",\"logo\":{\"@type\":\"ImageObject\",\"inLanguage\":\"tr\",\"@id\":\"https:\/\/www.vgdesignart.com\/bahadirhukuk\/#\/schema\/logo\/image\/\",\"url\":\"https:\/\/www.vgdesignart.com\/bahadirhukuk\/wp-content\/uploads\/2022\/12\/artemis.jpg\",\"contentUrl\":\"https:\/\/www.vgdesignart.com\/bahadirhukuk\/wp-content\/uploads\/2022\/12\/artemis.jpg\",\"width\":1107,\"height\":389,\"caption\":\"BAHADIR HUKUK VE DANI\u015eMANLIK\"},\"image\":{\"@id\":\"https:\/\/www.vgdesignart.com\/bahadirhukuk\/#\/schema\/logo\/image\/\"}}]}<\/script>\n<!-- \/ Yoast SEO plugin. -->","yoast_head_json":{"title":"Hizmet Alanlar\u0131m\u0131z - BAHADIR HUKUK VE DANI\u015eMANLIK","robots":{"index":"index","follow":"follow","max-snippet":"max-snippet:-1","max-image-preview":"max-image-preview:large","max-video-preview":"max-video-preview:-1"},"canonical":"http:\/\/www.vgdesignart.com\/bahadirhukuk\/hizmet-alanlarimiz\/","og_locale":"tr_TR","og_type":"article","og_title":"Hizmet Alanlar\u0131m\u0131z - BAHADIR HUKUK VE DANI\u015eMANLIK","og_description":"Ceza Hukuku Daha Fazlas\u0131 Miras Hukuku Daha Fazlas\u0131 Ticaret Hukuku Daha Fazlas\u0131 \u0130cra ve \u0130flas Hukuku Daha Fazlas\u0131 Ceza Hukuku Daha Fazlas\u0131 Miras Hukuku Daha Fazlas\u0131 Ticaret Hukuku Daha Fazlas\u0131 \u0130cra ve \u0130flas Hukuku Daha Fazlas\u0131","og_url":"http:\/\/www.vgdesignart.com\/bahadirhukuk\/hizmet-alanlarimiz\/","og_site_name":"BAHADIR HUKUK VE DANI\u015eMANLIK","article_modified_time":"2023-10-17T11:12:26+00:00","og_image":[{"url":"http:\/\/www.vgdesignart.com\/bahadirhukuk\/wp-content\/uploads\/2022\/12\/ceza-hukuku-hizmeti.webp"}],"twitter_card":"summary_large_image","twitter_misc":{"Tahmini okuma s\u00fcresi":"2 dakika"},"schema":{"@context":"https:\/\/schema.org","@graph":[{"@type":"WebPage","@id":"http:\/\/www.vgdesignart.com\/bahadirhukuk\/hizmet-alanlarimiz\/","url":"http:\/\/www.vgdesignart.com\/bahadirhukuk\/hizmet-alanlarimiz\/","name":"Hizmet Alanlar\u0131m\u0131z - BAHADIR HUKUK VE DANI\u015eMANLIK","isPartOf":{"@id":"https:\/\/www.vgdesignart.com\/bahadirhukuk\/#website"},"datePublished":"2022-12-17T14:18:17+00:00","dateModified":"2023-10-17T11:12:26+00:00","breadcrumb":{"@id":"http:\/\/www.vgdesignart.com\/bahadirhukuk\/hizmet-alanlarimiz\/#breadcrumb"},"inLanguage":"tr","potentialAction":[{"@type":"ReadAction","target":["http:\/\/www.vgdesignart.com\/bahadirhukuk\/hizmet-alanlarimiz\/"]}]},{"@type":"BreadcrumbList","@id":"http:\/\/www.vgdesignart.com\/bahadirhukuk\/hizmet-alanlarimiz\/#breadcrumb","itemListElement":[{"@type":"ListItem","position":1,"name":"Anasayfa","item":"https:\/\/www.vgdesignart.com\/bahadirhukuk\/"},{"@type":"ListItem","position":2,"name":"Hizmet Alanlar\u0131m\u0131z"}]},{"@type":"WebSite","@id":"https:\/\/www.vgdesignart.com\/bahadirhukuk\/#website","url":"https:\/\/www.vgdesignart.com\/bahadirhukuk\/","name":"BAHADIR HUKUK VE DANI\u015eMANLIK","description":"Hukuk iyi ve adil olan\u0131n sanat\u0131d\u0131r.","publisher":{"@id":"https:\/\/www.vgdesignart.com\/bahadirhukuk\/#organization"},"potentialAction":[{"@type":"SearchAction","target":{"@type":"EntryPoint","urlTemplate":"https:\/\/www.vgdesignart.com\/bahadirhukuk\/?s={search_term_string}"},"query-input":"required name=search_term_string"}],"inLanguage":"tr"},{"@type":"Organization","@id":"https:\/\/www.vgdesignart.com\/bahadirhukuk\/#organization","name":"BAHADIR HUKUK VE DANI\u015eMANLIK","url":"https:\/\/www.vgdesignart.com\/bahadirhukuk\/","logo":{"@type":"ImageObject","inLanguage":"tr","@id":"https:\/\/www.vgdesignart.com\/bahadirhukuk\/#\/schema\/logo\/image\/","url":"https:\/\/www.vgdesignart.com\/bahadirhukuk\/wp-content\/uploads\/2022\/12\/artemis.jpg","contentUrl":"https:\/\/www.vgdesignart.com\/bahadirhukuk\/wp-content\/uploads\/2022\/12\/artemis.jpg","width":1107,"height":389,"caption":"BAHADIR HUKUK VE DANI\u015eMANLIK"},"image":{"@id":"https:\/\/www.vgdesignart.com\/bahadirhukuk\/#\/schema\/logo\/image\/"}}]}},"_links":{"self":[{"href":"https:\/\/www.vgdesignart.com\/bahadirhukuk\/wp-json\/wp\/v2\/pages\/423","targetHints":{"allow":["GET"]}}],"collection":[{"href":"https:\/\/www.vgdesignart.com\/bahadirhukuk\/wp-json\/wp\/v2\/pages"}],"about":[{"href":"https:\/\/www.vgdesignart.com\/bahadirhukuk\/wp-json\/wp\/v2\/types\/page"}],"author":[{"embeddable":true,"href":"https:\/\/www.vgdesignart.com\/bahadirhukuk\/wp-json\/wp\/v2\/users\/1"}],"replies":[{"embeddable":true,"href":"https:\/\/www.vgdesignart.com\/bahadirhukuk\/wp-json\/wp\/v2\/comments?post=423"}],"version-history":[{"count":52,"href":"https:\/\/www.vgdesignart.com\/bahadirhukuk\/wp-json\/wp\/v2\/pages\/423\/revisions"}],"predecessor-version":[{"id":1231,"href":"https:\/\/www.vgdesignart.com\/bahadirhukuk\/wp-json\/wp\/v2\/pages\/423\/revisions\/1231"}],"wp:attachment":[{"href":"https:\/\/www.vgdesignart.com\/bahadirhukuk\/wp-json\/wp\/v2\/media?parent=423"}],"curies":[{"name":"wp","href":"https:\/\/api.w.org\/{rel}","templated":true}]}}